{"id":23,"date":"2014-05-24T16:29:01","date_gmt":"2014-05-24T13:29:01","guid":{"rendered":"http:\/\/gidatopluluklari.org\/?page_id=23"},"modified":"2021-02-25T13:34:36","modified_gmt":"2021-02-25T10:34:36","slug":"ilgili-mevzuat","status":"publish","type":"page","link":"https:\/\/gidatopluluklari.org\/?page_id=23","title":{"rendered":"BA\u011eLANTILAR"},"content":{"rendered":"<p>Ba\u011flant\u0131lar\u0131n \u00fczerine t\u0131klayarak ilgili sayfalar\u0131 g\u00f6r\u00fcnt\u00fcl\u00fcyebilir, dosyalar\u0131 indirebilirsiniz.<\/p>\n<p><a href=\"https:\/\/www.dortmevsimekoloji.org\/wp-content\/uploads\/2020\/07\/Bizi-Kim-Doyuracak-ETC-2017-Turkce.pdf\">Bizi Kim Doyuracak? K\u00f6yl\u00fc G\u0131da A\u011f\u0131 ve End\u00fcstriyel G\u0131da Zinciri<\/a><\/p>\n<p><a href=\"http:\/\/gidatopluluklari.org\/wp-content\/uploads\/2014\/07\/CAYEK-Uretici-Kontrol-Formu.pdf\">\u00c7AYEK \u00dcretici Kontrol Formu<\/a> (<a href=\"https:\/\/www.naturallygrown.org\">Certified Naturally Grown<\/a> formu \u00f6rnek al\u0131nm\u0131\u015ft\u0131r)<\/p>\n<p><a href=\"http:\/\/gidatopluluklari.org\/wp-content\/uploads\/2014\/09\/CAYEK-Uretici-Kontrol-Formu-EK1-ARI-URUNLERI.pdf\">\u00c7AYEK \u00dcretici Kontrol Formu EK1-Ar\u0131 \u00dcr\u00fcnleri<\/a><\/p>\n<p><a href=\"http:\/\/gidatopluluklari.org\/wp-content\/uploads\/2014\/09\/DBB-Eylul2014.pdf\" target=\"_blank\" rel=\"noopener noreferrer\">Do\u011fal Besin, Bilin\u00e7li Beslenme (DBB) Grubu Sunumu<\/a><\/p>\n<p><a href=\"https:\/\/www.ekoharita.org\/projeler\/toplulukdesteklitarim\/\" target=\"_blank\" rel=\"noopener noreferrer\">EkoHarita &#8211; Topluluk Destekli Tar\u0131m A\u011f\u0131 (karde\u015f site)<\/a><\/p>\n<p><a href=\"http:\/\/www.urgenci.net\/sites\/default\/files\/CSA4EUrope_Handbook-1.pdf\">European Handbook on Community Supported Agriculture Sharing Experiences<\/a><\/p>\n<p><a href=\"http:\/\/www.bugday.org\/portal\/haber_detay.php?hid=6278\">Ger\u00e7ek G\u0131da Bildirgesi<\/a><\/p>\n<p><a href=\"http:\/\/www.ifoam.org\/en\/community-supported-agriculture-csa\">IFOAM &#8211; Topluluk Destekli Tar\u0131m (\u0130ngilizce)<\/a><\/p>\n<p><a href=\"http:\/\/www.ifoam.org\/pgs\">IFOAM &#8211; Kat\u0131l\u0131mc\u0131 Onay Sistemleri (\u0130ngilizce)<\/a><\/p>\n<p><a href=\"http:\/\/gidatopluluklari.org\/wp-content\/uploads\/2014\/09\/IFOAM-PGS-Brosur.pdf\">IFOAM KOS Bro\u015f\u00fcr\u00fc T\u00fcrk\u00e7e \u00c7evirisi<\/a><\/p>\n<p><a href=\"http:\/\/gidatopluluklari.org\/wp-content\/uploads\/2014\/09\/IFOAM-PGS-Genel-Sorular.pdf\">IFOAM KOS Genel Sorular Sayfas\u0131 T\u00fcrk\u00e7e \u00c7evirisi<\/a><\/p>\n<p><a href=\"http:\/\/gidatopluluklari.org\/wp-content\/uploads\/2014\/09\/Yonetimler-KOS.pdf\">IFOAM &#8220;Y\u00f6netimler Kat\u0131l\u0131mc\u0131 Onay Sistemlerini Nas\u0131l Destekleyebilir&#8221; Dok\u00fcman\u0131 T\u00fcrk\u00e7e \u00c7evirisi<\/a><\/p>\n<p><a href=\"http:\/\/gidatopluluklari.org\/wp-content\/uploads\/2014\/09\/Cem-Birder-Kat\u0131l\u0131mc\u0131-Onay-Sertifikasyon-Sistemi.pdf\">Kat\u0131l\u0131mc\u0131 Onay\/Sertifikasyon Sistemi, Cem Birder &#8211; Toprak Ana<\/a><\/p>\n<p><a href=\"http:\/\/gidatopluluklari.org\/wp-content\/uploads\/2015\/07\/Kucuk-Uretici-Mevzuat-GT.pdf\">K\u00fc\u00e7\u00fck \u00dcreticiyi \u0130lgilendiren Mevzuat: Bir G\u0131da Toplulu\u011funa Sat\u0131\u015f Yapan Her \u00dcreticinin Bilmesi Gerekenler<\/a><\/p>\n<p><a href=\"http:\/\/gidatopluluklari.org\/wp-content\/uploads\/2014\/09\/gercekgida.pdf\">National Geographic T\u00fcrkiye \u201c100 Soruda Ger\u00e7ek G\u0131da: Sofradaki Denklem\u201d<\/a><\/p>\n<p><a href=\"http:\/\/gidatopluluklari.org\/wp-content\/uploads\/2014\/10\/csa_a_share_in_the_harvest.pdf\">Soil Association &#8211; A Share in the Harvest<\/a><\/p>\n<p><a href=\"http:\/\/gidatopluluklari.org\/wp-content\/uploads\/2014\/10\/A-Share-in-the-Harvest-TR.pdf\">Soil Association &#8211; A Share in the Harvest (T\u00fcrk\u00e7e \u00c7eviri)<\/a><\/p>\n<p><a href=\"http:\/\/www.soilassociation.org\/communitysupportedagriculture\">Soil Association &#8211; Topluluk Destekli Tar\u0131m (\u0130ngilizce)<\/a><\/p>\n<p><a href=\"https:\/\/drive.google.com\/file\/d\/10CWYDI3mF42jIg6yOPCe3mK7eaf8oxI3\/view\">Topluluk Destekli Tar\u0131m ve G\u0131da Topluluklar\u0131 Bro\u015f\u00fcr\u00fc<\/a><\/p>\n<p><a href=\"http:\/\/gidatopluluklari.org\/wp-content\/uploads\/2014\/09\/CTTBrosur.pdf\">Yerel\/Do\u011fal \u00dcretim ve Arac\u0131s\u0131z Eri\u015fim &#8211; DBB <\/a><\/p>\n<p><a href=\"https:\/\/drive.google.com\/file\/d\/0B9kr66xU_6faRG9KTklZNW5FLVU\/view\">Yery\u00fcz\u00fc Derne\u011fi &#8211; G\u0131da Topluluklar\u0131 \u00c7al\u0131\u015ftay\u0131 Kitap\u00e7\u0131\u011f\u0131<\/a><\/p>\n<p><strong>\u0130nfografikler (b\u00fcy\u00fctmek i\u00e7in resimlerin \u00fczerine t\u0131klay\u0131n)<\/strong><\/p>\n<p><a href=\"http:\/\/gidatopluluklari.org\/wp-content\/uploads\/2014\/09\/faob.jpg\"><img loading=\"lazy\" decoding=\"async\" class=\"alignnone size-medium wp-image-183\" src=\"http:\/\/gidatopluluklari.org\/wp-content\/uploads\/2014\/09\/faob-153x300.jpg\" alt=\"faob\" width=\"153\" height=\"300\" srcset=\"https:\/\/gidatopluluklari.org\/wp-content\/uploads\/2014\/09\/faob-153x300.jpg 153w, https:\/\/gidatopluluklari.org\/wp-content\/uploads\/2014\/09\/faob-524x1024.jpg 524w, https:\/\/gidatopluluklari.org\/wp-content\/uploads\/2014\/09\/faob.jpg 800w\" sizes=\"auto, (max-width: 153px) 100vw, 153px\" \/><\/a><em><br \/>\nRakamlarla G\u0131dam\u0131z ve Tar\u0131m &#8211; FAO<\/em><\/p>\n<p><a href=\"http:\/\/gidatopluluklari.org\/wp-content\/uploads\/2014\/09\/ccafs2b.png\"><img loading=\"lazy\" decoding=\"async\" class=\"alignnone size-medium wp-image-182\" src=\"http:\/\/gidatopluluklari.org\/wp-content\/uploads\/2014\/09\/ccafs2b-211x300.png\" alt=\"ccafs2b\" width=\"211\" height=\"300\" srcset=\"https:\/\/gidatopluluklari.org\/wp-content\/uploads\/2014\/09\/ccafs2b-211x300.png 211w, https:\/\/gidatopluluklari.org\/wp-content\/uploads\/2014\/09\/ccafs2b-720x1024.png 720w, https:\/\/gidatopluluklari.org\/wp-content\/uploads\/2014\/09\/ccafs2b.png 1002w\" sizes=\"auto, (max-width: 211px) 100vw, 211px\" \/><br \/>\n<\/a><em>G\u0131da G\u00fcvenli\u011fi &#8211; CCAFS<\/em><\/p>\n<p><a href=\"http:\/\/gidatopluluklari.org\/wp-content\/uploads\/2014\/09\/ccafs1b.png\"><img loading=\"lazy\" decoding=\"async\" class=\"alignnone size-medium wp-image-181\" src=\"http:\/\/gidatopluluklari.org\/wp-content\/uploads\/2014\/09\/ccafs1b-178x300.png\" alt=\"ccafs1b\" width=\"178\" height=\"300\" srcset=\"https:\/\/gidatopluluklari.org\/wp-content\/uploads\/2014\/09\/ccafs1b-178x300.png 178w, https:\/\/gidatopluluklari.org\/wp-content\/uploads\/2014\/09\/ccafs1b-609x1024.png 609w, https:\/\/gidatopluluklari.org\/wp-content\/uploads\/2014\/09\/ccafs1b.png 1011w\" sizes=\"auto, (max-width: 178px) 100vw, 178px\" \/><\/a><em><br \/>\nG\u0131da Emisyonlar\u0131 &#8211; CCAFS<\/em><\/p>\n","protected":false},"excerpt":{"rendered":"<p>Ba\u011flant\u0131lar\u0131n \u00fczerine t\u0131klayarak ilgili sayfalar\u0131 g\u00f6r\u00fcnt\u00fcl\u00fcyebilir, dosyalar\u0131 indirebilirsiniz. Bizi Kim Doyuracak? K\u00f6yl\u00fc G\u0131da A\u011f\u0131 ve<a class=\"post_read_more\" href=\"https:\/\/gidatopluluklari.org\/?page_id=23\">Devam\u0131<\/a><\/p>\n","protected":false},"author":2,"featured_media":0,"parent":0,"menu_order":0,"comment_status":"open","ping_status":"open","template":"","meta":{"footnotes":""},"class_list":["post-23","page","type-page","status-publish","hentry"],"_links":{"self":[{"href":"https:\/\/gidatopluluklari.org\/index.php?rest_route=\/wp\/v2\/pages\/23","targetHints":{"allow":["GET"]}}],"collection":[{"href":"https:\/\/gidatopluluklari.org\/index.php?rest_route=\/wp\/v2\/pages"}],"about":[{"href":"https:\/\/gidatopluluklari.org\/index.php?rest_route=\/wp\/v2\/types\/page"}],"author":[{"embeddable":true,"href":"https:\/\/gidatopluluklari.org\/index.php?rest_route=\/wp\/v2\/users\/2"}],"replies":[{"embeddable":true,"href":"https:\/\/gidatopluluklari.org\/index.php?rest_route=%2Fwp%2Fv2%2Fcomments&post=23"}],"version-history":[{"count":19,"href":"https:\/\/gidatopluluklari.org\/index.php?rest_route=\/wp\/v2\/pages\/23\/revisions"}],"predecessor-version":[{"id":639,"href":"https:\/\/gidatopluluklari.org\/index.php?rest_route=\/wp\/v2\/pages\/23\/revisions\/639"}],"wp:attachment":[{"href":"https:\/\/gidatopluluklari.org\/index.php?rest_route=%2Fwp%2Fv2%2Fmedia&parent=23"}],"curies":[{"name":"wp","href":"https:\/\/api.w.org\/{rel}","templated":true}]}}