{"id":704,"date":"2025-02-17T12:40:31","date_gmt":"2025-02-17T09:40:31","guid":{"rendered":"https:\/\/gidatopluluklari.org\/?page_id=704"},"modified":"2025-02-17T12:40:31","modified_gmt":"2025-02-17T09:40:31","slug":"iletisim","status":"publish","type":"page","link":"https:\/\/gidatopluluklari.org\/?page_id=704","title":{"rendered":"\u0130LET\u0130\u015e\u0130M"},"content":{"rendered":"\n<figure class=\"wp-block-image size-full\"><a href=\"https:\/\/gidatopluluklari.org\/wp-content\/uploads\/2014\/05\/gidatopluluklariLOGO_1.jpg\"><img loading=\"lazy\" decoding=\"async\" width=\"200\" height=\"200\" src=\"https:\/\/gidatopluluklari.org\/wp-content\/uploads\/2014\/05\/gidatopluluklariLOGO_1.jpg\" alt=\"\" class=\"wp-image-87\" srcset=\"https:\/\/gidatopluluklari.org\/wp-content\/uploads\/2014\/05\/gidatopluluklariLOGO_1.jpg 200w, https:\/\/gidatopluluklari.org\/wp-content\/uploads\/2014\/05\/gidatopluluklariLOGO_1-150x150.jpg 150w, https:\/\/gidatopluluklari.org\/wp-content\/uploads\/2014\/05\/gidatopluluklariLOGO_1-100x100.jpg 100w\" sizes=\"auto, (max-width: 200px) 100vw, 200px\" \/><\/a><\/figure>\n\n\n\n<p>iletisim (AT) gidatopluluklari.org<\/p>\n","protected":false},"excerpt":{"rendered":"<p>iletisim (AT) gidatopluluklari.org<\/p>\n","protected":false},"author":2,"featured_media":0,"parent":0,"menu_order":0,"comment_status":"closed","ping_status":"closed","template":"","meta":{"footnotes":""},"class_list":["post-704","page","type-page","status-publish","hentry"],"_links":{"self":[{"href":"https:\/\/gidatopluluklari.org\/index.php?rest_route=\/wp\/v2\/pages\/704","targetHints":{"allow":["GET"]}}],"collection":[{"href":"https:\/\/gidatopluluklari.org\/index.php?rest_route=\/wp\/v2\/pages"}],"about":[{"href":"https:\/\/gidatopluluklari.org\/index.php?rest_route=\/wp\/v2\/types\/page"}],"author":[{"embeddable":true,"href":"https:\/\/gidatopluluklari.org\/index.php?rest_route=\/wp\/v2\/users\/2"}],"replies":[{"embeddable":true,"href":"https:\/\/gidatopluluklari.org\/index.php?rest_route=%2Fwp%2Fv2%2Fcomments&post=704"}],"version-history":[{"count":1,"href":"https:\/\/gidatopluluklari.org\/index.php?rest_route=\/wp\/v2\/pages\/704\/revisions"}],"predecessor-version":[{"id":706,"href":"https:\/\/gidatopluluklari.org\/index.php?rest_route=\/wp\/v2\/pages\/704\/revisions\/706"}],"wp:attachment":[{"href":"https:\/\/gidatopluluklari.org\/index.php?rest_route=%2Fwp%2Fv2%2Fmedia&parent=704"}],"curies":[{"name":"wp","href":"https:\/\/api.w.org\/{rel}","templated":true}]}}