{"id":92,"date":"2014-07-04T13:18:42","date_gmt":"2014-07-04T10:18:42","guid":{"rendered":"http:\/\/gidatopluluklari.org\/?page_id=92"},"modified":"2018-04-11T17:32:48","modified_gmt":"2018-04-11T14:32:48","slug":"dyu%cc%88agup-nedir","status":"publish","type":"page","link":"https:\/\/gidatopluluklari.org\/?page_id=92","title":{"rendered":"DO\u011eAL ve YEREL \u00dcR\u00dcNE G\u00dcVENL\u0130 ve ARACISIZ ULA\u015eIM PROJES\u0130 NED\u0130R ?"},"content":{"rendered":"<p lang=\"en-US\"><span style=\"font-family: Times;\"><span style=\"font-size: small;\"><span style=\"font-family: Verdana;\">Bu\u011fday Ekolojik Ya\u015fam\u0131 Destekleme Derne\u011fi\u2019nin <\/span><span style=\"color: #0000ff;\"><span style=\"text-decoration: underline;\"><a href=\"http:\/\/www.gefsgp.net\/\" target=\"_blank\" rel=\"noopener\"><span style=\"font-family: Verdana;\">UNDP GEF K\u00fc\u00e7\u00fck Destek Program\u0131 (SGP)<\/span><\/a><\/span><\/span><span style=\"font-family: Verdana;\"> fonuyla 2013-2014 y\u0131llar\u0131 aras\u0131nda y\u00fcr\u00fctt\u00fc\u011f\u00fc <\/span><strong><span style=\"font-family: Verdana;\">Do\u011fal ve Yerel \u00dcr\u00fcne Arac\u0131s\u0131z ve G\u00fcvenli Ula\u015f\u0131m Projesi<\/span><\/strong><span style=\"font-family: Verdana;\">, T\u00fcrkiye\u2019de do\u011fa ile uyumlu \u00fcretim s\u00fcre\u00e7lerini benimsemi\u015f k\u00fc\u00e7\u00fck \u00fcreticiler ile sa\u011fl\u0131kl\u0131 g\u0131da talep eden t\u00fcketicilerin arac\u0131s\u0131z ve g\u00fcven esas\u0131na dayal\u0131 olarak bir araya getirildi\u011fi yerel \u00fcr\u00fcn zincirleri i\u00e7in bir model yarat\u0131lmas\u0131 ve ileti\u015fim a\u011f\u0131n\u0131n kurulmas\u0131n\u0131 hedeflemi\u015ftir.<\/span><\/span><\/span><\/p>\n<p lang=\"tr-TR\"><span style=\"font-family: Verdana;\"><span style=\"font-size: small;\">Bu hedefler do\u011frultusunda<\/span><\/span><\/p>\n<p lang=\"tr-TR\"><span style=\"font-family: Verdana;\"><span style=\"font-size: small;\">&#8211; konu ile ilgili uygulamalara y\u00f6nelik bilgi ve deneyim altyap\u0131s\u0131n\u0131n geli\u015ftirilmesi, t\u00fcketicilere ve \u00fcreticilere aktar\u0131lmas\u0131 i\u00e7in toplant\u0131lar ve e\u011fitimler d\u00fczenlenmi\u015f, <\/span><\/span><\/p>\n<p lang=\"tr-TR\"><span style=\"font-family: Verdana;\"><span style=\"font-size: small;\">&#8211; \u00c7anakkale\u2019de bir model olu\u015fturulmu\u015f,<\/span><\/span><\/p>\n<p lang=\"tr-TR\"><span style=\"font-family: Verdana;\"><span style=\"font-size: small;\">&#8211; ulusal bir ileti\u015fim a\u011f\u0131n\u0131n kurulmas\u0131 i\u00e7in \u00e7al\u0131\u015ftaylar d\u00fczenlenmi\u015ftir.<\/span><\/span><\/p>\n<p lang=\"en-US\"><span style=\"font-family: Times;\"><span style=\"font-size: small;\"><span style=\"font-family: Verdana;\">Proje kapsam\u0131nda bir yandan k\u00fc\u00e7\u00fck \u00e7ift\u00e7ilerin \u00fcr\u00fcnlerini bilin\u00e7li t\u00fcketicilere arac\u0131s\u0131z olarak ula\u015ft\u0131rabilmesiyle ilgili mevzuat ara\u015ft\u0131rmas\u0131 yap\u0131lm\u0131\u015f, di\u011fer taraftan <\/span><span style=\"font-family: Verdana;\">Kat\u0131l\u0131mc\u0131<\/span><span style=\"font-family: Verdana;\"> Onay Sistemleri&#8217;ne T\u00fcrkiye&#8217;de \u00f6rnek te\u015fkil etmesi amac\u0131yla \u00c7anakkale Ekolojik Ya\u015fam \u0130nisiyatifi (<\/span><span style=\"color: #0000ff;\"><span style=\"text-decoration: underline;\"><a href=\"http:\/\/www.cayek.org\/\" target=\"_blank\" rel=\"noopener\"><span style=\"font-family: Verdana;\">\u00c7AYEK<\/span><\/a><\/span><\/span><span style=\"font-family: Verdana;\">) ile bir pilot uygulama y\u00fcr\u00fct\u00fclm\u00fc\u015ft\u00fcr. <\/span><span style=\"font-family: Verdana;\">\u00c7AYEK<\/span><span style=\"font-family: Verdana;\">&#8216;te pasif t\u00fcketiciler yerine \u00fcretim s\u00fcrecine kat\u0131l\u0131m g\u00f6steren aktif &#8216;t\u00fcreticiler&#8217;, belirledikleri ilkeler do\u011frultusunda \u00fcr\u00fcn almak istedikleri \u00fcreticileri belirledi, onlar\u0131 \u00e7iftliklerinde ziyaret etti, d\u00fczenli toplant\u0131larla bir araya gelip hem bilgi payla\u015f\u0131m\u0131 yapt\u0131lar hem de \u00fcr\u00fcnlerin hikayelerini dinleyip ilk elden sat\u0131n ald\u0131lar.<\/span><\/span><\/span><\/p>\n","protected":false},"excerpt":{"rendered":"<p>Bu\u011fday Ekolojik Ya\u015fam\u0131 Destekleme Derne\u011fi\u2019nin UNDP GEF K\u00fc\u00e7\u00fck Destek Program\u0131 (SGP) fonuyla 2013-2014 y\u0131llar\u0131 aras\u0131nda<a class=\"post_read_more\" href=\"https:\/\/gidatopluluklari.org\/?page_id=92\">Devam\u0131<\/a><\/p>\n","protected":false},"author":2,"featured_media":0,"parent":0,"menu_order":0,"comment_status":"open","ping_status":"open","template":"","meta":{"footnotes":""},"class_list":["post-92","page","type-page","status-publish","hentry"],"_links":{"self":[{"href":"https:\/\/gidatopluluklari.org\/index.php?rest_route=\/wp\/v2\/pages\/92","targetHints":{"allow":["GET"]}}],"collection":[{"href":"https:\/\/gidatopluluklari.org\/index.php?rest_route=\/wp\/v2\/pages"}],"about":[{"href":"https:\/\/gidatopluluklari.org\/index.php?rest_route=\/wp\/v2\/types\/page"}],"author":[{"embeddable":true,"href":"https:\/\/gidatopluluklari.org\/index.php?rest_route=\/wp\/v2\/users\/2"}],"replies":[{"embeddable":true,"href":"https:\/\/gidatopluluklari.org\/index.php?rest_route=%2Fwp%2Fv2%2Fcomments&post=92"}],"version-history":[{"count":4,"href":"https:\/\/gidatopluluklari.org\/index.php?rest_route=\/wp\/v2\/pages\/92\/revisions"}],"predecessor-version":[{"id":344,"href":"https:\/\/gidatopluluklari.org\/index.php?rest_route=\/wp\/v2\/pages\/92\/revisions\/344"}],"wp:attachment":[{"href":"https:\/\/gidatopluluklari.org\/index.php?rest_route=%2Fwp%2Fv2%2Fmedia&parent=92"}],"curies":[{"name":"wp","href":"https:\/\/api.w.org\/{rel}","templated":true}]}}